{"id":3304,"date":"2025-05-30T07:13:52","date_gmt":"2025-05-30T05:13:52","guid":{"rendered":"https:\/\/sonne.ch\/seminaires-et-evenements-dentreprise\/"},"modified":"2026-03-26T12:07:13","modified_gmt":"2026-03-26T10:07:13","slug":"seminaires-et-evenements-dentreprise","status":"publish","type":"page","link":"https:\/\/sonne.ch\/fr\/lieux-de-reception\/seminaires-et-evenements-dentreprise\/","title":{"rendered":"S\u00e9minaires et \u00e9v\u00e9nements d\u2019entreprise"},"content":{"rendered":"","protected":false},"excerpt":{"rendered":"","protected":false},"author":4,"featured_media":602,"parent":3307,"menu_order":0,"comment_status":"closed","ping_status":"closed","template":"","meta":{"_acf_changed":false,"footnotes":""},"class_list":["post-3304","page","type-page","status-publish","has-post-thumbnail","hentry"],"acf":[],"_links":{"self":[{"href":"https:\/\/sonne.ch\/fr\/wp-json\/wp\/v2\/pages\/3304","targetHints":{"allow":["GET"]}}],"collection":[{"href":"https:\/\/sonne.ch\/fr\/wp-json\/wp\/v2\/pages"}],"about":[{"href":"https:\/\/sonne.ch\/fr\/wp-json\/wp\/v2\/types\/page"}],"author":[{"embeddable":true,"href":"https:\/\/sonne.ch\/fr\/wp-json\/wp\/v2\/users\/4"}],"replies":[{"embeddable":true,"href":"https:\/\/sonne.ch\/fr\/wp-json\/wp\/v2\/comments?post=3304"}],"version-history":[{"count":5,"href":"https:\/\/sonne.ch\/fr\/wp-json\/wp\/v2\/pages\/3304\/revisions"}],"predecessor-version":[{"id":5425,"href":"https:\/\/sonne.ch\/fr\/wp-json\/wp\/v2\/pages\/3304\/revisions\/5425"}],"up":[{"embeddable":true,"href":"https:\/\/sonne.ch\/fr\/wp-json\/wp\/v2\/pages\/3307"}],"wp:featuredmedia":[{"embeddable":true,"href":"https:\/\/sonne.ch\/fr\/wp-json\/wp\/v2\/media\/602"}],"wp:attachment":[{"href":"https:\/\/sonne.ch\/fr\/wp-json\/wp\/v2\/media?parent=3304"}],"curies":[{"name":"wp","href":"https:\/\/api.w.org\/{rel}","templated":true}]}}