{"id":3303,"date":"2025-05-30T07:37:27","date_gmt":"2025-05-30T05:37:27","guid":{"rendered":"https:\/\/sonne.ch\/evenements-prives\/"},"modified":"2025-11-26T11:10:19","modified_gmt":"2025-11-26T09:10:19","slug":"evenements-prives","status":"publish","type":"page","link":"https:\/\/sonne.ch\/fr\/lieux-de-reception\/evenements-prives\/","title":{"rendered":"\u00c9v\u00e9nements priv\u00e9s"},"content":{"rendered":"","protected":false},"excerpt":{"rendered":"","protected":false},"author":4,"featured_media":605,"parent":3307,"menu_order":0,"comment_status":"closed","ping_status":"closed","template":"","meta":{"_acf_changed":false,"footnotes":""},"class_list":["post-3303","page","type-page","status-publish","has-post-thumbnail","hentry"],"acf":[],"_links":{"self":[{"href":"https:\/\/sonne.ch\/fr\/wp-json\/wp\/v2\/pages\/3303","targetHints":{"allow":["GET"]}}],"collection":[{"href":"https:\/\/sonne.ch\/fr\/wp-json\/wp\/v2\/pages"}],"about":[{"href":"https:\/\/sonne.ch\/fr\/wp-json\/wp\/v2\/types\/page"}],"author":[{"embeddable":true,"href":"https:\/\/sonne.ch\/fr\/wp-json\/wp\/v2\/users\/4"}],"replies":[{"embeddable":true,"href":"https:\/\/sonne.ch\/fr\/wp-json\/wp\/v2\/comments?post=3303"}],"version-history":[{"count":8,"href":"https:\/\/sonne.ch\/fr\/wp-json\/wp\/v2\/pages\/3303\/revisions"}],"predecessor-version":[{"id":4440,"href":"https:\/\/sonne.ch\/fr\/wp-json\/wp\/v2\/pages\/3303\/revisions\/4440"}],"up":[{"embeddable":true,"href":"https:\/\/sonne.ch\/fr\/wp-json\/wp\/v2\/pages\/3307"}],"wp:featuredmedia":[{"embeddable":true,"href":"https:\/\/sonne.ch\/fr\/wp-json\/wp\/v2\/media\/605"}],"wp:attachment":[{"href":"https:\/\/sonne.ch\/fr\/wp-json\/wp\/v2\/media?parent=3303"}],"curies":[{"name":"wp","href":"https:\/\/api.w.org\/{rel}","templated":true}]}}